{"id":1274,"date":"2025-03-03T02:21:29","date_gmt":"2025-03-03T02:21:29","guid":{"rendered":"https:\/\/pull.vn\/?page_id=1274"},"modified":"2025-03-03T07:27:05","modified_gmt":"2025-03-03T07:27:05","slug":"chinh-sach-bao-mat-html","status":"publish","type":"page","link":"https:\/\/pull.vn\/vi\/chinh-sach-bao-mat-html","title":{"rendered":"Ch\u00ednh s\u00e1ch b\u1ea3o m\u1eadt"},"content":{"rendered":"<div class=\"privacy-policy-page\">\n<div class=\"mb-8\">\n<p class=\"\">T\u1ea1i\u00a0<strong>www.pull.vn,<\/strong>\u00a0b\u1ea3o v\u1ec7 d\u1eef li\u1ec7u l\u00e0 v\u1ea5n \u0111\u1ec1 v\u1ec1 l\u00f2ng tin v\u00e0 quy\u1ec1n ri\u00eang t\u01b0 c\u1ee7a b\u1ea1n r\u1ea5t quan tr\u1ecdng \u0111\u1ed1i v\u1edbi ch\u00fang t\u00f4i. Ch\u00fang t\u00f4i ch\u1ec9 s\u1eed d\u1ee5ng th\u00f4ng tin c\u00e1 nh\u00e2n c\u1ee7a b\u1ea1n theo c\u00e1ch \u0111\u01b0\u1ee3c n\u00eau trong Ch\u00ednh s\u00e1ch b\u1ea3o m\u1eadt n\u00e0y. Vui l\u00f2ng \u0111\u1ecdc ch\u00ednh s\u00e1ch b\u1ea3o m\u1eadt n\u00e0y \u0111\u1ec3 t\u00ecm hi\u1ec3u th\u00eam v\u1ec1 c\u00e1c ho\u1ea1t \u0111\u1ed9ng thu th\u1eadp v\u00e0 ph\u1ed5 bi\u1ebfn th\u00f4ng tin c\u1ee7a ch\u00fang t\u00f4i.<\/p>\n<p class=\"\">Ch\u00ednh s\u00e1ch b\u1ea3o m\u1eadt n\u00e0y gi\u1ea3i th\u00edch c\u00e1ch ch\u00fang t\u00f4i thu th\u1eadp th\u00f4ng tin c\u00e1 nh\u00e2n, \u0111\u01b0\u1ee3c ph\u00e2n lo\u1ea1i l\u00e0 b\u1eaft bu\u1ed9c ho\u1eb7c t\u00f9y ch\u1ecdn nh\u01b0 m\u1ed9t ph\u1ea7n c\u1ee7a ho\u1ea1t \u0111\u1ed9ng b\u00ecnh th\u01b0\u1eddng c\u1ee7a c\u00e1c d\u1ecbch v\u1ee5 c\u1ee7a ch\u00fang t\u00f4i; v\u00e0 s\u1eed d\u1ee5ng, ti\u1ebft l\u1ed9 v\u00e0 b\u1ea3o v\u1ec7 th\u00f4ng tin \u0111\u00f3 th\u00f4ng qua trang web. Ch\u00ednh s\u00e1ch b\u1ea3o m\u1eadt chi ti\u1ebft n\u00e0y cho ph\u00e9p b\u1ea1n \u0111\u01b0a ra quy\u1ebft \u0111\u1ecbnh s\u00e1ng su\u1ed1t khi giao d\u1ecbch v\u1edbi ch\u00fang t\u00f4i. C\u00f4ng ty m\u1eb9, c\u00f4ng ty con v\u00e0 li\u00ean doanh c\u1ee7a ch\u00fang t\u00f4i ho\u1ea1t \u0111\u1ed9ng theo c\u00e1c th\u00f4ng l\u1ec7 b\u1ea3o m\u1eadt t\u01b0\u01a1ng t\u1ef1 theo c\u00e1c y\u00eau c\u1ea7u c\u1ee7a lu\u1eadt hi\u1ec7n h\u00e0nh.<\/p>\n<p class=\"\">B\u1eb1ng c\u00e1ch s\u1eed d\u1ee5ng d\u1ecbch v\u1ee5 c\u1ee7a ch\u00fang t\u00f4i, b\u1ea1n th\u1eeba nh\u1eadn r\u1eb1ng b\u1ea1n ch\u1ea5p nh\u1eadn c\u00e1c \u0111i\u1ec1u kho\u1ea3n c\u1ee7a Ch\u00ednh s\u00e1ch b\u1ea3o m\u1eadt n\u00e0y, \u0111\u1ed3ng \u00fd r\u00f5 r\u00e0ng v\u1edbi vi\u1ec7c ch\u00fang t\u00f4i s\u1eed d\u1ee5ng v\u00e0 ti\u1ebft l\u1ed9 th\u00f4ng tin c\u00e1 nh\u00e2n c\u1ee7a b\u1ea1n theo Ch\u00ednh s\u00e1ch b\u1ea3o m\u1eadt n\u00e0y v\u00e0 r\u1eb1ng b\u1ea5t k\u1ef3 th\u00f4ng tin c\u00e1 nh\u00e2n n\u00e0o b\u1ea1n cung c\u1ea5p th\u00f4ng qua ch\u00fang t\u00f4i \u0111\u1ec1u \u0111\u01b0\u1ee3c cung c\u1ea5p theo h\u1ee3p \u0111\u1ed3ng h\u1ee3p ph\u00e1p. Ch\u00ednh s\u00e1ch b\u1ea3o m\u1eadt n\u00e0y \u0111\u01b0\u1ee3c k\u1ebft h\u1ee3p v\u00e0o v\u00e0 tu\u00e2n theo c\u00e1c \u0111i\u1ec1u kho\u1ea3n c\u1ee7a Th\u1ecfa thu\u1eadn ng\u01b0\u1eddi d\u00f9ng v\u00e0\/ho\u1eb7c t\u1ea5t c\u1ea3 c\u00e1c ch\u00ednh s\u00e1ch v\u00e0 th\u1ecfa thu\u1eadn kh\u00e1c \u0111\u01b0\u1ee3c c\u00f4ng b\u1ed1 tr\u00ean trang web.<\/p>\n<p class=\"\">Ch\u00fang t\u00f4i v\u00f4 c\u00f9ng t\u1ef1 h\u00e0o v\u1ec1 cam k\u1ebft b\u1ea3o v\u1ec7 quy\u1ec1n ri\u00eang t\u01b0 c\u1ee7a b\u1ea1n. Ch\u00fang t\u00f4i tr\u00e2n tr\u1ecdng s\u1ef1 tin t\u01b0\u1edfng c\u1ee7a b\u1ea1n d\u00e0nh cho ch\u00fang t\u00f4i. Ch\u00fang t\u00f4i n\u1ed7 l\u1ef1c h\u1ebft m\u00ecnh \u0111\u1ec3 gi\u00e0nh \u0111\u01b0\u1ee3c s\u1ef1 tin t\u01b0\u1edfng c\u1ee7a b\u1ea1n \u0111\u1ec3 b\u1ea1n c\u00f3 th\u1ec3 nhi\u1ec7t t\u00ecnh s\u1eed d\u1ee5ng d\u1ecbch v\u1ee5 c\u1ee7a ch\u00fang t\u00f4i v\u00e0 gi\u1edbi thi\u1ec7u b\u1ea1n b\u00e8 v\u00e0 gia \u0111\u00ecnh c\u1ee7a b\u1ea1n tham gia giao d\u1ecbch v\u1edbi ch\u00fang t\u00f4i. Vui l\u00f2ng \u0111\u1ecdc ch\u00ednh s\u00e1ch sau \u0111\u1ec3 hi\u1ec3u c\u00e1ch th\u00f4ng tin c\u00e1 nh\u00e2n c\u1ee7a b\u1ea1n s\u1ebd \u0111\u01b0\u1ee3c x\u1eed l\u00fd khi b\u1ea1n s\u1eed d\u1ee5ng \u0111\u1ea7y \u0111\u1ee7 Trang web c\u1ee7a ch\u00fang t\u00f4i.<\/p>\n<\/div>\n<div class=\"mb-8\">\n<h3 class=\"\">Thu th\u1eadp v\u00e0 s\u1eed d\u1ee5ng d\u1eef li\u1ec7u<\/h3>\n<p class=\"\">\u0110\u1ec3 ho\u1ea1t \u0111\u1ed9ng, \u1ee9ng d\u1ee5ng s\u1ebd thu th\u1eadp t\u00ean, \u0111\u1ecba ch\u1ec9 email, danh s\u00e1ch Trang Facebook c\u1ee7a b\u1ea1n v\u00e0 d\u1eef li\u1ec7u c\u1ee7a n\u00f3 bao g\u1ed3m d\u1eef li\u1ec7u nh\u01b0 qu\u1ea3ng c\u00e1o kh\u00e1ch h\u00e0ng ti\u1ec1m n\u0103ng c\u1ee7a b\u1ea1n. Th\u00f4ng tin m\u00e0 ch\u00fang t\u00f4i y\u00eau c\u1ea7u s\u1ebd \u0111\u01b0\u1ee3c ch\u00fang t\u00f4i l\u01b0u gi\u1eef v\u00e0 s\u1eed d\u1ee5ng nh\u01b0 m\u00f4 t\u1ea3 trong ch\u00ednh s\u00e1ch b\u1ea3o m\u1eadt n\u00e0y.<\/p>\n<p class=\"\">D\u1eef li\u1ec7u c\u1ee7a b\u1ea1n \u0111\u01b0\u1ee3c l\u01b0u tr\u1eef tr\u00ean m\u00e1y ch\u1ee7 c\u1ee7a ch\u00fang t\u00f4i mi\u1ec5n l\u00e0 \u0111\u0103ng k\u00fd c\u1ee7a b\u1ea1n v\u1eabn c\u00f2n hi\u1ec7u l\u1ef1c. Khi \u0111\u0103ng k\u00fd \u0111ang ho\u1ea1t \u0111\u1ed9ng kh\u00f4ng c\u00f2n hi\u1ec7u l\u1ef1c n\u1eefa. Ch\u00fang t\u00f4i c\u00f3 quy\u1ec1n t\u1ef1 \u0111\u1ed9ng x\u00f3a d\u1eef li\u1ec7u c\u1ee7a b\u1ea1n kh\u1ecfi c\u01a1 s\u1edf d\u1eef li\u1ec7u c\u1ee7a ch\u00fang t\u00f4i sau 60 ng\u00e0y. Trong tr\u01b0\u1eddng h\u1ee3p b\u1ea1n mu\u1ed1n ng\u1eebng s\u1eed d\u1ee5ng d\u1ecbch v\u1ee5 c\u1ee7a ch\u00fang t\u00f4i v\u00e0 x\u00f3a ho\u00e0n to\u00e0n m\u1ecdi d\u1eef li\u1ec7u, vui l\u00f2ng cho ch\u00fang t\u00f4i bi\u1ebft. Ch\u00fang t\u00f4i s\u1ebd th\u1ef1c hi\u1ec7n y\u00eau c\u1ea7u c\u1ee7a b\u1ea1n trong v\u00f2ng 24 gi\u1edd.<\/p>\n<p class=\"\">\u0110\u1ec3 c\u00f3 tr\u1ea3i nghi\u1ec7m v\u00e0 s\u1ed1 li\u1ec7u th\u1ed1ng k\u00ea t\u1ed1t h\u01a1n, \u1ee9ng d\u1ee5ng s\u1eed d\u1ee5ng c\u00e1c d\u1ecbch v\u1ee5 c\u1ee7a b\u00ean th\u1ee9 ba c\u00f3 th\u1ec3 thu th\u1eadp th\u00f4ng tin \u0111\u01b0\u1ee3c s\u1eed d\u1ee5ng \u0111\u1ec3 x\u00e1c \u0111\u1ecbnh b\u1ea1n. C\u00e1c d\u1ecbch v\u1ee5 c\u1ee7a b\u00ean th\u1ee9 ba n\u00e0y c\u00f3 th\u1ec3 thu th\u1eadp th\u00f4ng tin nh\u01b0 \u0111\u1ecba ch\u1ec9 Giao th\u1ee9c Internet (\u201cIP\u201d) c\u1ee7a thi\u1ebft b\u1ecb, t\u00ean thi\u1ebft b\u1ecb, phi\u00ean b\u1ea3n h\u1ec7 \u0111i\u1ec1u h\u00e0nh, th\u1eddi gian v\u00e0 ng\u00e0y b\u1ea1n s\u1eed d\u1ee5ng \u1ee9ng d\u1ee5ng c\u1ee7a ch\u00fang t\u00f4i v\u00e0 c\u00e1c s\u1ed1 li\u1ec7u th\u1ed1ng k\u00ea kh\u00e1c.<\/p>\n<\/div>\n<div class=\"mb-8\">\n<h3 class=\"\">Quy\u1ec1n c\u1ee7a ch\u1ee7 th\u1ec3 d\u1eef li\u1ec7u<\/h3>\n<p class=\"\">C\u00f4ng ty \u0111\u1eb7t m\u1ee5c ti\u00eau th\u1ef1c hi\u1ec7n c\u00e1c b\u01b0\u1edbc h\u1ee3p l\u00fd \u0111\u1ec3 cho ph\u00e9p b\u1ea1n s\u1eeda, s\u1eeda \u0111\u1ed5i, x\u00f3a ho\u1eb7c h\u1ea1n ch\u1ebf vi\u1ec7c s\u1eed d\u1ee5ng d\u1eef li\u1ec7u c\u00e1 nh\u00e2n c\u1ee7a m\u00ecnh. C\u00f4ng ty mu\u1ed1n \u0111\u1ea3m b\u1ea3o r\u1eb1ng b\u1ea1n nh\u1eadn th\u1ee9c \u0111\u1ea7y \u0111\u1ee7 v\u1ec1 c\u00e1c quy\u1ec1n b\u1ea3o v\u1ec7 d\u1eef li\u1ec7u c\u1ee7a m\u00ecnh. M\u1ecdi ng\u01b0\u1eddi d\u00f9ng \u0111\u1ec1u c\u00f3 quy\u1ec1n sau:<\/p>\n<ul>\n<li class=\"font-weight-400\"><strong>Quy\u1ec1n truy c\u1eadp:<\/strong>\u00a0B\u1ea1n c\u00f3 quy\u1ec1n y\u00eau c\u1ea7u c\u00f4ng ty ch\u00fang t\u00f4i cung c\u1ea5p b\u1ea3n sao d\u1eef li\u1ec7u c\u1ee7a b\u1ea1n.<\/li>\n<li class=\"font-weight-400\"><strong>Quy\u1ec1n ch\u1ec9nh s\u1eeda:<\/strong>\u00a0B\u1ea1n c\u00f3 quy\u1ec1n y\u00eau c\u1ea7u c\u00f4ng ty ch\u00fang t\u00f4i ch\u1ec9nh s\u1eeda b\u1ea5t k\u1ef3 th\u00f4ng tin n\u00e0o m\u00e0 b\u1ea1n cho l\u00e0 kh\u00f4ng ch\u00ednh x\u00e1c. B\u1ea1n c\u0169ng c\u00f3 quy\u1ec1n y\u00eau c\u1ea7u c\u00f4ng ty ch\u00fang t\u00f4i ho\u00e0n thi\u1ec7n th\u00f4ng tin m\u00e0 b\u1ea1n cho l\u00e0 kh\u00f4ng \u0111\u1ea7y \u0111\u1ee7.<\/li>\n<li class=\"font-weight-400\"><strong>Quy\u1ec1n x\u00f3a d\u1eef li\u1ec7u:<\/strong>\u00a0B\u1ea1n c\u00f3 quy\u1ec1n y\u00eau c\u1ea7u c\u00f4ng ty ch\u00fang t\u00f4i x\u00f3a d\u1eef li\u1ec7u c\u1ee7a b\u1ea1n trong m\u1ed9t s\u1ed1 \u0111i\u1ec1u ki\u1ec7n nh\u1ea5t \u0111\u1ecbnh.<\/li>\n<li class=\"font-weight-400\"><strong>Quy\u1ec1n h\u1ea1n ch\u1ebf x\u1eed l\u00fd:<\/strong>\u00a0B\u1ea1n c\u00f3 quy\u1ec1n y\u00eau c\u1ea7u c\u00f4ng ty ch\u00fang t\u00f4i h\u1ea1n ch\u1ebf vi\u1ec7c x\u1eed l\u00fd d\u1eef li\u1ec7u c\u00e1 nh\u00e2n c\u1ee7a b\u1ea1n trong m\u1ed9t s\u1ed1 \u0111i\u1ec1u ki\u1ec7n nh\u1ea5t \u0111\u1ecbnh.<\/li>\n<li class=\"font-weight-400\"><strong>Quy\u1ec1n ph\u1ea3n \u0111\u1ed1i vi\u1ec7c x\u1eed l\u00fd:<\/strong>\u00a0B\u1ea1n c\u00f3 quy\u1ec1n ph\u1ea3n \u0111\u1ed1i vi\u1ec7c c\u00f4ng ty ch\u00fang t\u00f4i x\u1eed l\u00fd d\u1eef li\u1ec7u c\u1ee7a b\u1ea1n trong m\u1ed9t s\u1ed1 \u0111i\u1ec1u ki\u1ec7n nh\u1ea5t \u0111\u1ecbnh.<\/li>\n<li class=\"font-weight-400\"><strong>Quy\u1ec1n chuy\u1ec3n d\u1eef li\u1ec7u:<\/strong>\u00a0B\u1ea1n c\u00f3 quy\u1ec1n y\u00eau c\u1ea7u c\u00f4ng ty ch\u00fang t\u00f4i chuy\u1ec3n d\u1eef li\u1ec7u m\u00e0 ch\u00fang t\u00f4i \u0111\u00e3 thu th\u1eadp cho m\u1ed9t t\u1ed5 ch\u1ee9c kh\u00e1c ho\u1eb7c tr\u1ef1c ti\u1ebfp cho b\u1ea1n theo m\u1ed9t s\u1ed1 \u0111i\u1ec1u ki\u1ec7n nh\u1ea5t \u0111\u1ecbnh.<\/li>\n<\/ul>\n<\/div>\n<div class=\"mb-8\">\n<h3 class=\"\">Quy\u1ec1n c\u1ee7a \u1ee9ng d\u1ee5ng Facebook<\/h3>\n<p class=\"\">\u1ee8ng d\u1ee5ng s\u1ebd c\u1ea7n c\u00e1c quy\u1ec1n sau t\u1eeb t\u00e0i kho\u1ea3n Facebook c\u1ee7a b\u1ea1n \u0111\u1ec3 ho\u1ea1t \u0111\u1ed9ng b\u00ecnh th\u01b0\u1eddng. B\u1ea1n s\u1ebd \u0111\u01b0\u1ee3c nh\u1eafc y\u00eau c\u1ea7u c\u00e1c quy\u1ec1n n\u00e0y khi \u0111\u0103ng nh\u1eadp l\u1ea7n \u0111\u1ea7u v\u00e0o \u1ee9ng d\u1ee5ng c\u1ee7a ch\u00fang t\u00f4i. \u1ee8ng d\u1ee5ng s\u1ebd kh\u00f4ng ho\u1ea1t \u0111\u1ed9ng b\u00ecnh th\u01b0\u1eddng n\u1ebfu kh\u00f4ng c\u00f3 b\u1ea5t k\u1ef3 quy\u1ec1n n\u00e0o \u0111\u01b0\u1ee3c y\u00eau c\u1ea7u<\/p>\n<ul>\n<li><strong>pages_show_list, pages_read_engagement, pages_manage_metadata, pages_manage_ads<\/strong>\u00a0: \u0111\u1ec3 l\u1ea5y danh s\u00e1ch v\u00e0 m\u00e3 th\u00f4ng b\u00e1o truy c\u1eadp c\u1ee7a c\u00e1c Trang m\u00e0 b\u1ea1n qu\u1ea3n l\u00fd<\/li>\n<li><strong>leads_retrieval<\/strong>\u00a0: \u0111\u1ec3 truy xu\u1ea5t v\u00e0 \u0111\u1ecdc t\u1ea5t c\u1ea3 th\u00f4ng tin \u0111\u01b0\u1ee3c thu th\u1eadp b\u1edfi bi\u1ec3u m\u1eabu qu\u1ea3ng c\u00e1o kh\u00e1ch h\u00e0ng ti\u1ec1m n\u0103ng \u0111\u01b0\u1ee3c li\u00ean k\u1ebft<\/li>\n<li><strong>business_management<\/strong>\u00a0: \u0111\u1ec3 \u0111\u1ecdc v\u00e0 ghi b\u1eb1ng API Business Manager<\/li>\n<li><strong>ads_management<\/strong>\u00a0: \u0111\u1ec3 qu\u1ea3n l\u00fd qu\u1ea3ng c\u00e1o c\u1ee7a b\u1ea1n<\/li>\n<\/ul>\n<p class=\"\">Trong tr\u01b0\u1eddng h\u1ee3p b\u1ea5t k\u1ef3 ng\u01b0\u1eddi d\u00f9ng n\u00e0o mu\u1ed1n x\u00f3a quy\u1ec1n truy c\u1eadp PULL.VN Connect kh\u1ecfi t\u00e0i kho\u1ea3n Facebook c\u1ee7a m\u00ecnh, h\u1ecd c\u00f3 th\u1ec3 th\u1ef1c hi\u1ec7n \u0111\u01a1n gi\u1ea3n t\u1eeb\u00a0<a href=\"https:\/\/www.facebook.com\/settings\/?tab=applications\" target=\"_blank\" rel=\"noopener\"><strong>trang c\u00e0i \u0111\u1eb7t b\u1ea3o m\u1eadt \u1ee8ng d\u1ee5ng v\u00e0 trang web Facebook<\/strong><\/a>\u00a0.<\/p>\n<\/div>\n<div class=\"mb-8\">\n<h3 id=\"google-permissions\" class=\"\">Quy\u1ec1n c\u1ee7a Google<\/h3>\n<p class=\"\">\u1ee8ng d\u1ee5ng c\u1ee7a ch\u00fang t\u00f4i tu\u00e2n th\u1ee7\u00a0<a href=\"https:\/\/developers.google.com\/terms\/api-services-user-data-policy#additional_requirements_for_specific_api_scopes\" target=\"_blank\" rel=\"noopener\"><strong>Ch\u00ednh s\u00e1ch d\u1eef li\u1ec7u ng\u01b0\u1eddi d\u00f9ng c\u1ee7a Google API Services<\/strong><\/a>\u00a0, bao g\u1ed3m c\u00e1c y\u00eau c\u1ea7u v\u1ec1 S\u1eed d\u1ee5ng h\u1ea1n ch\u1ebf. Quy\u1ec1n ri\u00eang t\u01b0 c\u1ee7a b\u1ea1n r\u1ea5t quan tr\u1ecdng \u0111\u1ed1i v\u1edbi ch\u00fang t\u00f4i v\u00e0 ch\u00fang t\u00f4i \u0111\u1ea3m b\u1ea3o r\u1eb1ng m\u1ecdi vi\u1ec7c s\u1eed d\u1ee5ng v\u00e0 chuy\u1ec3n giao th\u00f4ng tin nh\u1eadn \u0111\u01b0\u1ee3c t\u1eeb Google API s\u1ebd tu\u00e2n th\u1ee7 nghi\u00eam ng\u1eb7t c\u00e1c ch\u00ednh s\u00e1ch n\u00e0y. \u0110\u1ec3 bi\u1ebft th\u00eam chi ti\u1ebft, vui l\u00f2ng tham kh\u1ea3o\u00a0<a href=\"https:\/\/developers.google.com\/terms\/api-services-user-data-policy\" target=\"_blank\" rel=\"noopener\"><strong>Ch\u00ednh s\u00e1ch d\u1eef li\u1ec7u ng\u01b0\u1eddi d\u00f9ng c\u1ee7a Google API Services<\/strong><\/a>\u00a0.<\/p>\n<p class=\"\">Ch\u00fang t\u00f4i kh\u00f4ng chuy\u1ec3n giao ho\u1eb7c ti\u1ebft l\u1ed9 th\u00f4ng tin c\u1ee7a b\u1ea1n cho b\u00ean th\u1ee9 ba v\u00ec m\u1ee5c \u0111\u00edch kh\u00e1c ngo\u00e0i m\u1ee5c \u0111\u00edch \u0111\u00e3 cung c\u1ea5p<\/p>\n<p class=\"\">Ch\u00fang t\u00f4i s\u1ebd kh\u00f4ng b\u00e1n d\u1eef li\u1ec7u c\u1ee7a b\u1ea1n cho b\u00ean th\u1ee9 ba, ch\u00fang t\u00f4i s\u1eed d\u1ee5ng d\u1eef li\u1ec7u \u0111\u00f3 \u0111\u1ec3 th\u1ef1c hi\u1ec7n m\u1ee5c \u0111\u00edch b\u1ea1n y\u00eau c\u1ea7u.<\/p>\n<p class=\"\">Li\u00ean k\u1ebft \u0111\u1ebfn ch\u00ednh s\u00e1ch b\u1ea3o m\u1eadt c\u1ee7a nh\u00e0 cung c\u1ea5p d\u1ecbch v\u1ee5 b\u00ean th\u1ee9 ba \u0111\u01b0\u1ee3c \u1ee9ng d\u1ee5ng s\u1eed d\u1ee5ng<\/p>\n<ul>\n<li><strong><a href=\"https:\/\/developers.google.com\/terms\/api-services-user-data-policy#additional_requirements_for_specific_api_scopes\" target=\"_blank\" rel=\"noopener\">Ch\u00ednh s\u00e1ch d\u1eef li\u1ec7u ng\u01b0\u1eddi d\u00f9ng c\u1ee7a Google API Services<\/a><\/strong><\/li>\n<li><strong><a href=\"https:\/\/policies.google.com\/privacy\" target=\"_blank\" rel=\"noopener\">Quy\u1ec1n ri\u00eang t\u01b0 c\u1ee7a Google<\/a><\/strong><\/li>\n<\/ul>\n<p class=\"\">Trong tr\u01b0\u1eddng h\u1ee3p b\u1ea5t k\u1ef3 ng\u01b0\u1eddi d\u00f9ng n\u00e0o mu\u1ed1n x\u00f3a quy\u1ec1n truy c\u1eadp PULL.VN Connect kh\u1ecfi t\u00e0i kho\u1ea3n Google c\u1ee7a m\u00ecnh, h\u1ecd c\u00f3 th\u1ec3 th\u1ef1c hi\u1ec7n \u0111\u01a1n gi\u1ea3n t\u1eeb\u00a0<a href=\"https:\/\/myaccount.google.com\/permissions?pli=1&amp;gar=1\" target=\"_blank\" rel=\"noopener\"><strong>trang c\u00e0i \u0111\u1eb7t b\u1ea3o m\u1eadt c\u1ee7a Google<\/strong><\/a>\u00a0.<\/p>\n<\/div>\n<div class=\"mb-8\">\n<h3 class=\"\">Cookie v\u00e0 C\u00f4ng ngh\u1ec7 theo d\u00f5i kh\u00e1c<\/h3>\n<p class=\"\">Ch\u00fang t\u00f4i s\u1eed d\u1ee5ng cookie, web beacon, pixel ho\u1eb7c c\u00f4ng ngh\u1ec7 theo d\u00f5i kh\u00e1c tr\u00ean Trang web v\u00e0 trong D\u1ecbch v\u1ee5 \u0111\u1ec3 cung c\u1ea5p ch\u1ee9c n\u0103ng, c\u00e1 nh\u00e2n h\u00f3a tr\u1ea3i nghi\u1ec7m c\u1ee7a b\u1ea1n v\u00e0 nh\u1eadn d\u1ea1ng b\u1ea1n tr\u00ean c\u00e1c d\u1ecbch v\u1ee5 ho\u1eb7c thi\u1ebft b\u1ecb. Th\u00f4ng tin n\u00e0y bao g\u1ed3m \u0111\u1ecba ch\u1ec9 IP, v\u1ecb tr\u00ed, lo\u1ea1i thi\u1ebft b\u1ecb, lo\u1ea1i tr\u00ecnh duy\u1ec7t, nh\u00e0 cung c\u1ea5p d\u1ecbch v\u1ee5 internet (ISP), trang gi\u1edbi thi\u1ec7u\/tho\u00e1t, h\u1ec7 \u0111i\u1ec1u h\u00e0nh, d\u1ea5u th\u1eddi gian\/ng\u00e0y th\u00e1ng, d\u1eef li\u1ec7u nh\u1ea5p chu\u1ed9t, d\u1eef li\u1ec7u nh\u1eadn d\u1ea1ng thi\u1ebft b\u1ecb.<\/p>\n<p class=\"\">Ch\u00fang t\u00f4i c\u00f3 th\u1ec3 k\u1ebft h\u1ee3p th\u00f4ng tin \u0111\u01b0\u1ee3c thu th\u1eadp t\u1ef1 \u0111\u1ed9ng n\u00e0y v\u1edbi th\u00f4ng tin kh\u00e1c m\u00e0 b\u1ea1n cung c\u1ea5p cho ch\u00fang t\u00f4i th\u00f4ng qua c\u00e1c k\u00eanh kh\u00e1c. Khi b\u1ea1n t\u01b0\u01a1ng t\u00e1c v\u1edbi c\u00e1c trang m\u1ea1ng x\u00e3 h\u1ed9i c\u1ee7a ch\u00fang t\u00f4i, n\u1ec1n t\u1ea3ng m\u1ea1ng x\u00e3 h\u1ed9i s\u1ebd t\u1ef1 \u0111\u1ed9ng thu th\u1eadp th\u00f4ng tin v\u00e0 cung c\u1ea5p cho ch\u00fang t\u00f4i.<\/p>\n<\/div>\n<div class=\"mb-8\">\n<h3 class=\"\">B\u1ea3o v\u1ec7<\/h3>\n<p class=\"\">Ch\u00fang t\u00f4i coi tr\u1ecdng s\u1ef1 tin t\u01b0\u1edfng c\u1ee7a b\u1ea1n khi cung c\u1ea5p d\u1eef li\u1ec7u cho ch\u00fang t\u00f4i, do \u0111\u00f3 ch\u00fang t\u00f4i \u0111ang n\u1ed7 l\u1ef1c s\u1eed d\u1ee5ng c\u00e1c ph\u01b0\u01a1ng ti\u1ec7n \u0111\u01b0\u1ee3c ch\u1ea5p nh\u1eadn v\u1ec1 m\u1eb7t th\u01b0\u01a1ng m\u1ea1i \u0111\u1ec3 b\u1ea3o v\u1ec7 d\u1eef li\u1ec7u. Nh\u01b0ng h\u00e3y nh\u1edb r\u1eb1ng kh\u00f4ng c\u00f3 ph\u01b0\u01a1ng ph\u00e1p truy\u1ec1n d\u1eef li\u1ec7u qua internet ho\u1eb7c ph\u01b0\u01a1ng ph\u00e1p l\u01b0u tr\u1eef \u0111i\u1ec7n t\u1eed n\u00e0o an to\u00e0n v\u00e0 \u0111\u00e1ng tin c\u1eady 100% v\u00e0 ch\u00fang t\u00f4i kh\u00f4ng th\u1ec3 \u0111\u1ea3m b\u1ea3o t\u00ednh b\u1ea3o m\u1eadt tuy\u1ec7t \u0111\u1ed1i c\u1ee7a d\u1eef li\u1ec7u.<\/p>\n<\/div>\n<div class=\"mb-8\">\n<h3 class=\"\">Li\u00ean k\u1ebft \u0111\u1ebfn trang web c\u1ee7a b\u00ean th\u1ee9 ba<\/h3>\n<p class=\"\">Trang web c\u1ee7a ch\u00fang t\u00f4i c\u00f3 ch\u1ee9a c\u00e1c li\u00ean k\u1ebft \u0111\u1ebfn c\u00e1c trang web kh\u00e1c. Vi\u1ec7c ch\u00fang t\u00f4i li\u00ean k\u1ebft \u0111\u1ebfn m\u1ed9t trang web kh\u00f4ng ph\u1ea3i l\u00e0 s\u1ef1 x\u00e1c nh\u1eadn, \u1ee7y quy\u1ec1n ho\u1eb7c \u0111\u1ea1i di\u1ec7n cho m\u1ed1i quan h\u1ec7 li\u00ean k\u1ebft c\u1ee7a ch\u00fang t\u00f4i v\u1edbi b\u00ean th\u1ee9 ba \u0111\u00f3. Ch\u00fang t\u00f4i kh\u00f4ng ki\u1ec3m so\u00e1t c\u00e1c trang web c\u1ee7a b\u00ean th\u1ee9 ba. C\u00e1c trang web kh\u00e1c n\u00e0y c\u00f3 th\u1ec3 \u0111\u1eb7t cookie ho\u1eb7c c\u00e1c t\u1ec7p kh\u00e1c c\u1ee7a ri\u00eang h\u1ecd tr\u00ean m\u00e1y t\u00ednh c\u1ee7a b\u1ea1n, thu th\u1eadp d\u1eef li\u1ec7u ho\u1eb7c y\u00eau c\u1ea7u th\u00f4ng tin nh\u1eadn d\u1ea1ng c\u00e1 nh\u00e2n t\u1eeb b\u1ea1n. C\u00e1c trang web kh\u00e1c tu\u00e2n theo c\u00e1c quy t\u1eafc kh\u00e1c nhau li\u00ean quan \u0111\u1ebfn vi\u1ec7c s\u1eed d\u1ee5ng ho\u1eb7c ti\u1ebft l\u1ed9 th\u00f4ng tin nh\u1eadn d\u1ea1ng c\u00e1 nh\u00e2n m\u00e0 b\u1ea1n g\u1eedi cho h\u1ecd. Ch\u00fang t\u00f4i khuy\u1ebfn kh\u00edch b\u1ea1n \u0111\u1ecdc ch\u00ednh s\u00e1ch b\u1ea3o m\u1eadt ho\u1eb7c tuy\u00ean b\u1ed1 c\u1ee7a c\u00e1c trang web kh\u00e1c m\u00e0 b\u1ea1n truy c\u1eadp.<\/p>\n<\/div>\n<div class=\"mb-8\">\n<h3 class=\"\">Quy\u1ec1n ri\u00eang t\u01b0 c\u1ee7a tr\u1ebb em<\/h3>\n<p class=\"\">D\u1ecbch v\u1ee5 c\u1ee7a ch\u00fang t\u00f4i ch\u1ec9 d\u00e0nh cho nh\u1eefng ng\u01b0\u1eddi c\u00f3 th\u1ec3 l\u1eadp h\u1ee3p \u0111\u1ed3ng r\u00e0ng bu\u1ed9c v\u1ec1 m\u1eb7t ph\u00e1p l\u00fd v\u1edbi ch\u00fang t\u00f4i theo lu\u1eadt hi\u1ec7n h\u00e0nh. Vi\u1ec7c b\u1ea3o v\u1ec7 quy\u1ec1n ri\u00eang t\u01b0 c\u1ee7a tr\u1ebb nh\u1ecf l\u00e0 \u0111\u1eb7c bi\u1ec7t quan tr\u1ecdng. Do \u0111\u00f3, ch\u00fang t\u00f4i kh\u00f4ng c\u1ed1 \u00fd thu th\u1eadp ho\u1eb7c y\u00eau c\u1ea7u th\u00f4ng tin c\u00e1 nh\u00e2n t\u1eeb b\u1ea5t k\u1ef3 ai d\u01b0\u1edbi 18 tu\u1ed5i ho\u1eb7c c\u1ed1 \u00fd cho ph\u00e9p nh\u1eefng ng\u01b0\u1eddi \u0111\u00f3 \u0111\u0103ng k\u00fd. N\u1ebfu b\u1ea1n d\u01b0\u1edbi 18 tu\u1ed5i, vui l\u00f2ng kh\u00f4ng c\u1ed1 g\u1eafng \u0111\u0103ng k\u00fd D\u1ecbch v\u1ee5 ho\u1eb7c g\u1eedi b\u1ea5t k\u1ef3 th\u00f4ng tin n\u00e0o v\u1ec1 b\u1ea3n th\u00e2n cho ch\u00fang t\u00f4i, bao g\u1ed3m t\u00ean, \u0111\u1ecba ch\u1ec9, s\u1ed1 \u0111i\u1ec7n tho\u1ea1i ho\u1eb7c \u0111\u1ecba ch\u1ec9 email c\u1ee7a b\u1ea1n. Kh\u00f4ng ai d\u01b0\u1edbi 18 tu\u1ed5i \u0111\u01b0\u1ee3c cung c\u1ea5p b\u1ea5t k\u1ef3 th\u00f4ng tin c\u00e1 nh\u00e2n n\u00e0o \u0111\u1ec3 ni\u00eam y\u1ebft b\u1ea5t k\u1ef3 d\u1ecbch v\u1ee5 n\u00e0o.<\/p>\n<\/div>\n<div class=\"mb-8\">\n<h3 class=\"\">Nh\u1eefng thay \u0111\u1ed5i \u0111\u1ed1i v\u1edbi Ch\u00ednh s\u00e1ch b\u1ea3o m\u1eadt n\u00e0y<\/h3>\n<p class=\"\">Ch\u00fang t\u00f4i c\u00f3 th\u1ec3 c\u1eadp nh\u1eadt Ch\u00ednh s\u00e1ch b\u1ea3o m\u1eadt c\u1ee7a m\u00ecnh theo th\u1eddi gian. Do \u0111\u00f3, b\u1ea1n n\u00ean xem l\u1ea1i trang n\u00e0y th\u01b0\u1eddng xuy\u00ean \u0111\u1ec3 bi\u1ebft b\u1ea5t k\u1ef3 thay \u0111\u1ed5i n\u00e0o. Ch\u00fang t\u00f4i s\u1ebd th\u00f4ng b\u00e1o cho b\u1ea1n v\u1ec1 b\u1ea5t k\u1ef3 thay \u0111\u1ed5i n\u00e0o b\u1eb1ng c\u00e1ch \u0111\u0103ng Ch\u00ednh s\u00e1ch b\u1ea3o m\u1eadt m\u1edbi tr\u00ean trang n\u00e0y. Nh\u1eefng thay \u0111\u1ed5i n\u00e0y c\u00f3 hi\u1ec7u l\u1ef1c ngay sau khi \u0111\u01b0\u1ee3c \u0111\u0103ng tr\u00ean trang n\u00e0y.<\/p>\n<\/div>\n<div class=\"mb-8\">\n<h3 class=\"\">Li\u00ean h\u1ec7 v\u1edbi ch\u00fang t\u00f4i<\/h3>\n<p class=\"\">N\u1ebfu b\u1ea1n c\u00f3 b\u1ea5t k\u1ef3 c\u00e2u h\u1ecfi n\u00e0o v\u1ec1 Ch\u00ednh s\u00e1ch b\u1ea3o m\u1eadt n\u00e0y, c\u00e1c ho\u1ea1t \u0111\u1ed9ng c\u1ee7a ch\u00fang t\u00f4i li\u00ean quan \u0111\u1ebfn trang web ho\u1eb7c giao d\u1ecbch c\u1ee7a b\u1ea1n v\u1edbi ch\u00fang t\u00f4i, vui l\u00f2ng li\u00ean h\u1ec7 v\u1edbi Nh\u00f3m b\u1ea3o m\u1eadt theo \u0111\u1ecba ch\u1ec9:\u00a0support@pull.vn\u00a0.<\/p>\n<p class=\"\">N\u1ebfu b\u1ea1n mu\u1ed1n khi\u1ebfu n\u1ea1i ho\u1eb7c n\u1ebfu b\u1ea1n c\u1ea3m th\u1ea5y C\u00f4ng ty ch\u00fang t\u00f4i ch\u01b0a gi\u1ea3i quy\u1ebft th\u1ecfa \u0111\u00e1ng m\u1ed1i quan t\u00e2m c\u1ee7a b\u1ea1n, b\u1ea1n c\u00f3 th\u1ec3 li\u00ean h\u1ec7 v\u1edbi V\u0103n ph\u00f2ng \u1ee6y vi\u00ean th\u00f4ng tin:\u00a0eugene@pull.vn\u00a0. ch\u00fang t\u00f4i.<\/p>\n<\/div>\n<div class=\"mb-8\">\n<p class=\"\"><strong>C\u1eadp nh\u1eadt l\u1ea7n cu\u1ed1i: 11 th\u00e1ng 11 n\u0103m 2024<\/strong><\/p>\n<\/div>\n<\/div>\n","protected":false},"excerpt":{"rendered":"<p>T\u1ea1i\u00a0www.pull.vn,\u00a0b\u1ea3o v\u1ec7 d\u1eef li\u1ec7u l\u00e0 v\u1ea5n \u0111\u1ec1 v\u1ec1 l\u00f2ng tin v\u00e0 quy\u1ec1n ri\u00eang t\u01b0 c\u1ee7a b\u1ea1n r\u1ea5t quan tr\u1ecdng \u0111\u1ed1i v\u1edbi ch\u00fang t\u00f4i. Ch\u00fang t\u00f4i ch\u1ec9 s\u1eed d\u1ee5ng th\u00f4ng tin c\u00e1 nh\u00e2n c\u1ee7a b\u1ea1n theo c\u00e1ch \u0111\u01b0\u1ee3c n\u00eau trong Ch\u00ednh s\u00e1ch b\u1ea3o m\u1eadt n\u00e0y. Vui l\u00f2ng \u0111\u1ecdc ch\u00ednh s\u00e1ch b\u1ea3o m\u1eadt n\u00e0y \u0111\u1ec3 t\u00ecm hi\u1ec3u [&hellip;]<\/p>\n","protected":false},"author":1,"featured_media":1249,"parent":0,"menu_order":0,"comment_status":"closed","ping_status":"closed","template":"","meta":{"_gspb_post_css":".gspb_container-id-gsbp-ff456b4{flex-direction:column;box-sizing:border-box}#gspb_container-id-gsbp-ff456b4.gspb_container>p:last-of-type{margin-bottom:0}#gspb_container-id-gsbp-ff456b4.gspb_container{position:relative}","inline_featured_image":false,"footnotes":""},"class_list":["post-1274","page","type-page","status-publish","has-post-thumbnail","hentry"],"_links":{"self":[{"href":"https:\/\/pull.vn\/vi\/wp-json\/wp\/v2\/pages\/1274","targetHints":{"allow":["GET"]}}],"collection":[{"href":"https:\/\/pull.vn\/vi\/wp-json\/wp\/v2\/pages"}],"about":[{"href":"https:\/\/pull.vn\/vi\/wp-json\/wp\/v2\/types\/page"}],"author":[{"embeddable":true,"href":"https:\/\/pull.vn\/vi\/wp-json\/wp\/v2\/users\/1"}],"replies":[{"embeddable":true,"href":"https:\/\/pull.vn\/vi\/wp-json\/wp\/v2\/comments?post=1274"}],"version-history":[{"count":3,"href":"https:\/\/pull.vn\/vi\/wp-json\/wp\/v2\/pages\/1274\/revisions"}],"predecessor-version":[{"id":1324,"href":"https:\/\/pull.vn\/vi\/wp-json\/wp\/v2\/pages\/1274\/revisions\/1324"}],"wp:featuredmedia":[{"embeddable":true,"href":"https:\/\/pull.vn\/vi\/wp-json\/wp\/v2\/media\/1249"}],"wp:attachment":[{"href":"https:\/\/pull.vn\/vi\/wp-json\/wp\/v2\/media?parent=1274"}],"curies":[{"name":"wp","href":"https:\/\/api.w.org\/{rel}","templated":true}]}}